{"id":27,"date":"2023-08-14T12:29:05","date_gmt":"2023-08-14T15:29:05","guid":{"rendered":"https:\/\/musicsnet.com.br\/?page_id=27"},"modified":"2024-08-07T17:19:58","modified_gmt":"2024-08-07T20:19:58","slug":"label","status":"publish","type":"page","link":"https:\/\/musicsnet.com.br\/pt\/label\/","title":{"rendered":"Label"},"content":{"rendered":"<div data-elementor-type=\"wp-page\" data-elementor-id=\"27\" class=\"elementor elementor-27\" data-elementor-post-type=\"page\">\n\t\t\t\t\t\t<section class=\"elementor-section elementor-top-section elementor-element elementor-element-f2ed5e7 elementor-section-boxed elementor-section-height-default elementor-section-height-default\" data-id=\"f2ed5e7\" data-element_type=\"section\" data-settings=\"{&quot;background_background&quot;:&quot;classic&quot;}\">\n\t\t\t\t\t\t\t<div class=\"elementor-background-overlay\"><\/div>\n\t\t\t\t\t\t\t<div class=\"elementor-container elementor-column-gap-default\">\n\t\t\t\t\t<div class=\"elementor-column elementor-col-100 elementor-top-column elementor-element elementor-element-2c3cfd4\" data-id=\"2c3cfd4\" data-element_type=\"column\">\n\t\t\t<div class=\"elementor-widget-wrap elementor-element-populated\">\n\t\t\t\t\t\t<div class=\"elementor-element elementor-element-f8ac7e4 elementor-invisible elementor-widget elementor-widget-heading\" data-id=\"f8ac7e4\" data-element_type=\"widget\" data-settings=\"{&quot;_animation&quot;:&quot;fadeIn&quot;}\" data-widget_type=\"heading.default\">\n\t\t\t\t<div class=\"elementor-widget-container\">\n\t\t\t\t\t<h2 class=\"elementor-heading-title elementor-size-default\">Label<\/h2>\t\t\t\t<\/div>\n\t\t\t\t<\/div>\n\t\t\t\t<div class=\"elementor-element elementor-element-49f4373 elementor-invisible elementor-widget elementor-widget-heading\" data-id=\"49f4373\" data-element_type=\"widget\" data-settings=\"{&quot;_animation&quot;:&quot;fadeIn&quot;,&quot;_animation_delay&quot;:400}\" data-widget_type=\"heading.default\">\n\t\t\t\t<div class=\"elementor-widget-container\">\n\t\t\t\t\t<h2 class=\"elementor-heading-title elementor-size-default\">MusicsNet<\/h2>\t\t\t\t<\/div>\n\t\t\t\t<\/div>\n\t\t\t\t<section class=\"elementor-section elementor-inner-section elementor-element elementor-element-0301c96 elementor-section-boxed elementor-section-height-default elementor-section-height-default\" data-id=\"0301c96\" data-element_type=\"section\">\n\t\t\t\t\t\t<div class=\"elementor-container elementor-column-gap-default\">\n\t\t\t\t\t<div class=\"elementor-column elementor-col-50 elementor-inner-column elementor-element elementor-element-b238edf\" data-id=\"b238edf\" data-element_type=\"column\">\n\t\t\t<div class=\"elementor-widget-wrap elementor-element-populated\">\n\t\t\t\t\t\t<div class=\"elementor-element elementor-element-e30e06a elementor-invisible elementor-widget elementor-widget-text-editor\" data-id=\"e30e06a\" data-element_type=\"widget\" data-settings=\"{&quot;_animation&quot;:&quot;fadeIn&quot;}\" data-widget_type=\"text-editor.default\">\n\t\t\t\t<div class=\"elementor-widget-container\">\n\t\t\t\t\t\t\t\t\t<p>Criamos oportunidades de neg\u00f3cio a partir da ess\u00eancia da concep\u00e7\u00e3o art\u00edstica de um fonograma, levando em considera\u00e7\u00e3o o consumo sensorial de uma m\u00fasica, a fim de encontrar as solu\u00e7\u00f5es que garantir\u00e3o resultados de vendas e fortalecimento do branding.<\/p>\t\t\t\t\t\t\t\t<\/div>\n\t\t\t\t<\/div>\n\t\t\t\t\t<\/div>\n\t\t<\/div>\n\t\t\t\t<div class=\"elementor-column elementor-col-50 elementor-inner-column elementor-element elementor-element-2af2d36\" data-id=\"2af2d36\" data-element_type=\"column\" data-settings=\"{&quot;background_background&quot;:&quot;classic&quot;}\">\n\t\t\t<div class=\"elementor-widget-wrap elementor-element-populated\">\n\t\t\t\t\t\t<div class=\"elementor-element elementor-element-5091175 elementor-invisible elementor-widget elementor-widget-image\" data-id=\"5091175\" data-element_type=\"widget\" data-settings=\"{&quot;_animation&quot;:&quot;fadeIn&quot;}\" data-widget_type=\"image.default\">\n\t\t\t\t<div class=\"elementor-widget-container\">\n\t\t\t\t\t\t\t\t\t\t\t\t\t\t\t<img fetchpriority=\"high\" decoding=\"async\" width=\"407\" height=\"264\" src=\"https:\/\/musicsnet.com.br\/wp-content\/uploads\/2023\/08\/WhatsApp_Image_2024-08-07_at_16.59.14-removebg-preview.webp\" class=\"attachment-large size-large wp-image-884\" alt=\"Musicsnet logo\" srcset=\"https:\/\/musicsnet.com.br\/wp-content\/uploads\/2023\/08\/WhatsApp_Image_2024-08-07_at_16.59.14-removebg-preview.webp 407w, https:\/\/musicsnet.com.br\/wp-content\/uploads\/2023\/08\/WhatsApp_Image_2024-08-07_at_16.59.14-removebg-preview-300x195.webp 300w, https:\/\/musicsnet.com.br\/wp-content\/uploads\/2023\/08\/WhatsApp_Image_2024-08-07_at_16.59.14-removebg-preview-18x12.webp 18w\" sizes=\"(max-width: 407px) 100vw, 407px\" \/>\t\t\t\t\t\t\t\t\t\t\t\t\t\t\t<\/div>\n\t\t\t\t<\/div>\n\t\t\t\t\t<\/div>\n\t\t<\/div>\n\t\t\t\t\t<\/div>\n\t\t<\/section>\n\t\t\t\t<section class=\"elementor-section elementor-inner-section elementor-element elementor-element-5b1de27 elementor-reverse-tablet elementor-reverse-mobile elementor-section-boxed elementor-section-height-default elementor-section-height-default\" data-id=\"5b1de27\" data-element_type=\"section\">\n\t\t\t\t\t\t<div class=\"elementor-container elementor-column-gap-default\">\n\t\t\t\t\t<div class=\"elementor-column elementor-col-100 elementor-inner-column elementor-element elementor-element-5f5da08\" data-id=\"5f5da08\" data-element_type=\"column\">\n\t\t\t<div class=\"elementor-widget-wrap elementor-element-populated\">\n\t\t\t\t\t\t<div class=\"elementor-element elementor-element-b4a1696 elementor-invisible elementor-widget elementor-widget-text-editor\" data-id=\"b4a1696\" data-element_type=\"widget\" data-settings=\"{&quot;_animation&quot;:&quot;fadeIn&quot;}\" data-widget_type=\"text-editor.default\">\n\t\t\t\t<div class=\"elementor-widget-container\">\n\t\t\t\t\t\t\t\t\t<p>Compreender a concep\u00e7\u00e3o art\u00edstica de cada projeto e como adaptar suas necessidades de modo que consigam atingir \u00eaxito no mercado \u00e9 a nossa principal miss\u00e3o durante o processo de elabora\u00e7\u00e3o de um planejamento estrat\u00e9gico para um produto musical.<\/p><p>O processo decis\u00f3rio \u00e9 fundamentado atrav\u00e9s do conhecimento adquirido a partir das \u00e1reas de Business Intelligence e Analytics, que garantem um desenvolvimento embasado e customizado de acordo com as caracter\u00edsticas de cada demanda. O conhecimento profundo sobre o produto, portanto, \u00e9 fundamental para que as a\u00e7\u00f5es desempenhadas tenham uma perform ance positiva e de sucesso.<\/p>\t\t\t\t\t\t\t\t<\/div>\n\t\t\t\t<\/div>\n\t\t\t\t\t<\/div>\n\t\t<\/div>\n\t\t\t\t\t<\/div>\n\t\t<\/section>\n\t\t\t\t<section class=\"elementor-section elementor-inner-section elementor-element elementor-element-eebf167 elementor-section-boxed elementor-section-height-default elementor-section-height-default\" data-id=\"eebf167\" data-element_type=\"section\">\n\t\t\t\t\t\t<div class=\"elementor-container elementor-column-gap-default\">\n\t\t\t\t\t<div class=\"elementor-column elementor-col-100 elementor-inner-column elementor-element elementor-element-37f26ac\" data-id=\"37f26ac\" data-element_type=\"column\">\n\t\t\t<div class=\"elementor-widget-wrap elementor-element-populated\">\n\t\t\t\t\t\t<div class=\"elementor-element elementor-element-6f0cfa4 elementor-invisible elementor-widget elementor-widget-text-editor\" data-id=\"6f0cfa4\" data-element_type=\"widget\" data-settings=\"{&quot;_animation&quot;:&quot;fadeIn&quot;}\" data-widget_type=\"text-editor.default\">\n\t\t\t\t<div class=\"elementor-widget-container\">\n\t\t\t\t\t\t\t\t\t<p><br \/>O escopo de atua\u00e7\u00e3o de uma label \u00e9 conduzir de forma coordenada as decis\u00f5es art\u00edsticas a partir de uma vis\u00e3o comercial baseada em experi\u00eancia e observa\u00e7\u00e3o do contexto, tanto do mercado quanto das singularidades do artista.<\/p><p>Merchandising, ao vivo, prateleiras digitais, r\u00e1dio e outras variadas op\u00e7\u00f5es comp\u00f5em o mix de possibilidades de investimento dos quais a Spottlight possui a expertise necess\u00e1ria para avaliar e aconselhar diante da particularidade de cada cliente. <\/p>\t\t\t\t\t\t\t\t<\/div>\n\t\t\t\t<\/div>\n\t\t\t\t\t<\/div>\n\t\t<\/div>\n\t\t\t\t\t<\/div>\n\t\t<\/section>\n\t\t\t\t\t<\/div>\n\t\t<\/div>\n\t\t\t\t\t<\/div>\n\t\t<\/section>\n\t\t\t\t<\/div>","protected":false},"excerpt":{"rendered":"<p>Label MusicsNet We create business opportunities aligned with the essence of the artistic conception of a Music Product.We also take into consideration the sensorial experience of a song in order to find solutions that will guarantee both sales and brand strengthening. To grasp the artistic conception of each project and how to adapt its needs [&hellip;]<\/p>","protected":false},"author":1,"featured_media":0,"parent":0,"menu_order":0,"comment_status":"closed","ping_status":"closed","template":"elementor_header_footer","meta":{"footnotes":""},"class_list":["post-27","page","type-page","status-publish","hentry"],"yoast_head":"<!-- This site is optimized with the Yoast SEO plugin v23.2 - https:\/\/yoast.com\/wordpress\/plugins\/seo\/ -->\n<title>Label - MusicsNet<\/title>\n<meta name=\"robots\" content=\"index, follow, max-snippet:-1, max-image-preview:large, max-video-preview:-1\" \/>\n<link rel=\"canonical\" href=\"https:\/\/musicsnet.com.br\/pt\/label\/\" \/>\n<meta property=\"og:locale\" content=\"pt_BR\" \/>\n<meta property=\"og:type\" content=\"article\" \/>\n<meta property=\"og:title\" content=\"Label - MusicsNet\" \/>\n<meta property=\"og:description\" content=\"Label MusicsNet We create business opportunities aligned with the essence of the artistic conception of a Music Product.We also take into consideration the sensorial experience of a song in order to find solutions that will guarantee both sales and brand strengthening. To grasp the artistic conception of each project and how to adapt its needs [&hellip;]\" \/>\n<meta property=\"og:url\" content=\"https:\/\/musicsnet.com.br\/pt\/label\/\" \/>\n<meta property=\"og:site_name\" content=\"MusicsNet\" \/>\n<meta property=\"article:modified_time\" content=\"2024-08-07T20:19:58+00:00\" \/>\n<meta property=\"og:image\" content=\"https:\/\/musicsnet.com.br\/wp-content\/uploads\/2023\/08\/WhatsApp_Image_2024-08-07_at_16.59.14-removebg-preview.webp\" \/>\n<meta name=\"twitter:card\" content=\"summary_large_image\" \/>\n<meta name=\"twitter:label1\" content=\"Est. tempo de leitura\" \/>\n\t<meta name=\"twitter:data1\" content=\"1 minuto\" \/>\n<script type=\"application\/ld+json\" class=\"yoast-schema-graph\">{\"@context\":\"https:\/\/schema.org\",\"@graph\":[{\"@type\":\"WebPage\",\"@id\":\"https:\/\/musicsnet.com.br\/label\/\",\"url\":\"https:\/\/musicsnet.com.br\/label\/\",\"name\":\"Label - MusicsNet\",\"isPartOf\":{\"@id\":\"https:\/\/musicsnet.com.br\/#website\"},\"primaryImageOfPage\":{\"@id\":\"https:\/\/musicsnet.com.br\/label\/#primaryimage\"},\"image\":{\"@id\":\"https:\/\/musicsnet.com.br\/label\/#primaryimage\"},\"thumbnailUrl\":\"https:\/\/musicsnet.com.br\/wp-content\/uploads\/2023\/08\/WhatsApp_Image_2024-08-07_at_16.59.14-removebg-preview.webp\",\"datePublished\":\"2023-08-14T15:29:05+00:00\",\"dateModified\":\"2024-08-07T20:19:58+00:00\",\"breadcrumb\":{\"@id\":\"https:\/\/musicsnet.com.br\/label\/#breadcrumb\"},\"inLanguage\":\"pt-BR\",\"potentialAction\":[{\"@type\":\"ReadAction\",\"target\":[\"https:\/\/musicsnet.com.br\/label\/\"]}]},{\"@type\":\"ImageObject\",\"inLanguage\":\"pt-BR\",\"@id\":\"https:\/\/musicsnet.com.br\/label\/#primaryimage\",\"url\":\"https:\/\/musicsnet.com.br\/wp-content\/uploads\/2023\/08\/WhatsApp_Image_2024-08-07_at_16.59.14-removebg-preview.webp\",\"contentUrl\":\"https:\/\/musicsnet.com.br\/wp-content\/uploads\/2023\/08\/WhatsApp_Image_2024-08-07_at_16.59.14-removebg-preview.webp\"},{\"@type\":\"BreadcrumbList\",\"@id\":\"https:\/\/musicsnet.com.br\/label\/#breadcrumb\",\"itemListElement\":[{\"@type\":\"ListItem\",\"position\":1,\"name\":\"In\u00edcio\",\"item\":\"https:\/\/musicsnet.com.br\/\"},{\"@type\":\"ListItem\",\"position\":2,\"name\":\"Label\"}]},{\"@type\":\"WebSite\",\"@id\":\"https:\/\/musicsnet.com.br\/#website\",\"url\":\"https:\/\/musicsnet.com.br\/\",\"name\":\"MusicsNet\",\"description\":\"\",\"publisher\":{\"@id\":\"https:\/\/musicsnet.com.br\/#organization\"},\"potentialAction\":[{\"@type\":\"SearchAction\",\"target\":{\"@type\":\"EntryPoint\",\"urlTemplate\":\"https:\/\/musicsnet.com.br\/?s={search_term_string}\"},\"query-input\":\"required name=search_term_string\"}],\"inLanguage\":\"pt-BR\"},{\"@type\":\"Organization\",\"@id\":\"https:\/\/musicsnet.com.br\/#organization\",\"name\":\"MusicsNet\",\"url\":\"https:\/\/musicsnet.com.br\/\",\"logo\":{\"@type\":\"ImageObject\",\"inLanguage\":\"pt-BR\",\"@id\":\"https:\/\/musicsnet.com.br\/#\/schema\/logo\/image\/\",\"url\":\"https:\/\/musicsnet.com.br\/wp-content\/uploads\/2023\/08\/WhatsApp_Image_2024-08-07_at_16.59.14-removebg-preview.webp\",\"contentUrl\":\"https:\/\/musicsnet.com.br\/wp-content\/uploads\/2023\/08\/WhatsApp_Image_2024-08-07_at_16.59.14-removebg-preview.webp\",\"width\":407,\"height\":264,\"caption\":\"MusicsNet\"},\"image\":{\"@id\":\"https:\/\/musicsnet.com.br\/#\/schema\/logo\/image\/\"}}]}<\/script>\n<!-- \/ Yoast SEO plugin. -->","yoast_head_json":{"title":"Label - MusicsNet","robots":{"index":"index","follow":"follow","max-snippet":"max-snippet:-1","max-image-preview":"max-image-preview:large","max-video-preview":"max-video-preview:-1"},"canonical":"https:\/\/musicsnet.com.br\/pt\/label\/","og_locale":"pt_BR","og_type":"article","og_title":"Label - MusicsNet","og_description":"Label MusicsNet We create business opportunities aligned with the essence of the artistic conception of a Music Product.We also take into consideration the sensorial experience of a song in order to find solutions that will guarantee both sales and brand strengthening. To grasp the artistic conception of each project and how to adapt its needs [&hellip;]","og_url":"https:\/\/musicsnet.com.br\/pt\/label\/","og_site_name":"MusicsNet","article_modified_time":"2024-08-07T20:19:58+00:00","og_image":[{"url":"https:\/\/musicsnet.com.br\/wp-content\/uploads\/2023\/08\/WhatsApp_Image_2024-08-07_at_16.59.14-removebg-preview.webp"}],"twitter_card":"summary_large_image","twitter_misc":{"Est. tempo de leitura":"1 minuto"},"schema":{"@context":"https:\/\/schema.org","@graph":[{"@type":"WebPage","@id":"https:\/\/musicsnet.com.br\/label\/","url":"https:\/\/musicsnet.com.br\/label\/","name":"Label - MusicsNet","isPartOf":{"@id":"https:\/\/musicsnet.com.br\/#website"},"primaryImageOfPage":{"@id":"https:\/\/musicsnet.com.br\/label\/#primaryimage"},"image":{"@id":"https:\/\/musicsnet.com.br\/label\/#primaryimage"},"thumbnailUrl":"https:\/\/musicsnet.com.br\/wp-content\/uploads\/2023\/08\/WhatsApp_Image_2024-08-07_at_16.59.14-removebg-preview.webp","datePublished":"2023-08-14T15:29:05+00:00","dateModified":"2024-08-07T20:19:58+00:00","breadcrumb":{"@id":"https:\/\/musicsnet.com.br\/label\/#breadcrumb"},"inLanguage":"pt-BR","potentialAction":[{"@type":"ReadAction","target":["https:\/\/musicsnet.com.br\/label\/"]}]},{"@type":"ImageObject","inLanguage":"pt-BR","@id":"https:\/\/musicsnet.com.br\/label\/#primaryimage","url":"https:\/\/musicsnet.com.br\/wp-content\/uploads\/2023\/08\/WhatsApp_Image_2024-08-07_at_16.59.14-removebg-preview.webp","contentUrl":"https:\/\/musicsnet.com.br\/wp-content\/uploads\/2023\/08\/WhatsApp_Image_2024-08-07_at_16.59.14-removebg-preview.webp"},{"@type":"BreadcrumbList","@id":"https:\/\/musicsnet.com.br\/label\/#breadcrumb","itemListElement":[{"@type":"ListItem","position":1,"name":"In\u00edcio","item":"https:\/\/musicsnet.com.br\/"},{"@type":"ListItem","position":2,"name":"Label"}]},{"@type":"WebSite","@id":"https:\/\/musicsnet.com.br\/#website","url":"https:\/\/musicsnet.com.br\/","name":"MusicsNet","description":"","publisher":{"@id":"https:\/\/musicsnet.com.br\/#organization"},"potentialAction":[{"@type":"SearchAction","target":{"@type":"EntryPoint","urlTemplate":"https:\/\/musicsnet.com.br\/?s={search_term_string}"},"query-input":"required name=search_term_string"}],"inLanguage":"pt-BR"},{"@type":"Organization","@id":"https:\/\/musicsnet.com.br\/#organization","name":"MusicsNet","url":"https:\/\/musicsnet.com.br\/","logo":{"@type":"ImageObject","inLanguage":"pt-BR","@id":"https:\/\/musicsnet.com.br\/#\/schema\/logo\/image\/","url":"https:\/\/musicsnet.com.br\/wp-content\/uploads\/2023\/08\/WhatsApp_Image_2024-08-07_at_16.59.14-removebg-preview.webp","contentUrl":"https:\/\/musicsnet.com.br\/wp-content\/uploads\/2023\/08\/WhatsApp_Image_2024-08-07_at_16.59.14-removebg-preview.webp","width":407,"height":264,"caption":"MusicsNet"},"image":{"@id":"https:\/\/musicsnet.com.br\/#\/schema\/logo\/image\/"}}]}},"_links":{"self":[{"href":"https:\/\/musicsnet.com.br\/pt\/wp-json\/wp\/v2\/pages\/27","targetHints":{"allow":["GET"]}}],"collection":[{"href":"https:\/\/musicsnet.com.br\/pt\/wp-json\/wp\/v2\/pages"}],"about":[{"href":"https:\/\/musicsnet.com.br\/pt\/wp-json\/wp\/v2\/types\/page"}],"author":[{"embeddable":true,"href":"https:\/\/musicsnet.com.br\/pt\/wp-json\/wp\/v2\/users\/1"}],"replies":[{"embeddable":true,"href":"https:\/\/musicsnet.com.br\/pt\/wp-json\/wp\/v2\/comments?post=27"}],"version-history":[{"count":37,"href":"https:\/\/musicsnet.com.br\/pt\/wp-json\/wp\/v2\/pages\/27\/revisions"}],"predecessor-version":[{"id":893,"href":"https:\/\/musicsnet.com.br\/pt\/wp-json\/wp\/v2\/pages\/27\/revisions\/893"}],"wp:attachment":[{"href":"https:\/\/musicsnet.com.br\/pt\/wp-json\/wp\/v2\/media?parent=27"}],"curies":[{"name":"wp","href":"https:\/\/api.w.org\/{rel}","templated":true}]}}