{"id":363,"date":"2023-08-29T16:54:50","date_gmt":"2023-08-29T19:54:50","guid":{"rendered":"https:\/\/musicsnet.com.br\/?page_id=363"},"modified":"2023-09-21T09:48:33","modified_gmt":"2023-09-21T12:48:33","slug":"music-publisher","status":"publish","type":"page","link":"https:\/\/musicsnet.com.br\/pt\/music-publisher\/","title":{"rendered":"Editora Musical"},"content":{"rendered":"<div data-elementor-type=\"wp-page\" data-elementor-id=\"363\" class=\"elementor elementor-363\" data-elementor-post-type=\"page\">\n\t\t\t\t\t\t<section class=\"elementor-section elementor-top-section elementor-element elementor-element-e46cf42 elementor-section-boxed elementor-section-height-default elementor-section-height-default\" data-id=\"e46cf42\" data-element_type=\"section\" data-settings=\"{&quot;background_background&quot;:&quot;classic&quot;}\">\n\t\t\t\t\t\t\t<div class=\"elementor-background-overlay\"><\/div>\n\t\t\t\t\t\t\t<div class=\"elementor-container elementor-column-gap-default\">\n\t\t\t\t\t<div class=\"elementor-column elementor-col-100 elementor-top-column elementor-element elementor-element-b19cab2\" data-id=\"b19cab2\" data-element_type=\"column\">\n\t\t\t<div class=\"elementor-widget-wrap elementor-element-populated\">\n\t\t\t\t\t\t<div class=\"elementor-element elementor-element-aff2747 elementor-invisible elementor-widget elementor-widget-heading\" data-id=\"aff2747\" data-element_type=\"widget\" data-settings=\"{&quot;_animation&quot;:&quot;fadeIn&quot;,&quot;_animation_delay&quot;:400}\" data-widget_type=\"heading.default\">\n\t\t\t\t<div class=\"elementor-widget-container\">\n\t\t\t\t\t<h2 class=\"elementor-heading-title elementor-size-default\">Atrav\u00e9s de ferramentas de BI e BA oferecemos indica\u00e7\u00f5es de melhores neg\u00f3cios no Brasil e no exterior, trazendo as oportunidades mais latentes para sua obra musical.<\/h2>\t\t\t\t<\/div>\n\t\t\t\t<\/div>\n\t\t\t\t<section class=\"elementor-section elementor-inner-section elementor-element elementor-element-2f9858e elementor-section-boxed elementor-section-height-default elementor-section-height-default\" data-id=\"2f9858e\" data-element_type=\"section\">\n\t\t\t\t\t\t<div class=\"elementor-container elementor-column-gap-default\">\n\t\t\t\t\t<div class=\"elementor-column elementor-col-50 elementor-inner-column elementor-element elementor-element-78c50f9\" data-id=\"78c50f9\" data-element_type=\"column\">\n\t\t\t<div class=\"elementor-widget-wrap elementor-element-populated\">\n\t\t\t\t\t\t<div class=\"elementor-element elementor-element-a8cd1b6 elementor-invisible elementor-widget elementor-widget-image\" data-id=\"a8cd1b6\" data-element_type=\"widget\" data-settings=\"{&quot;_animation&quot;:&quot;fadeInLeft&quot;}\" data-widget_type=\"image.default\">\n\t\t\t\t<div class=\"elementor-widget-container\">\n\t\t\t\t\t\t\t\t\t\t\t\t\t\t\t<img fetchpriority=\"high\" decoding=\"async\" width=\"512\" height=\"512\" src=\"https:\/\/musicsnet.com.br\/wp-content\/uploads\/2023\/08\/audio.png\" class=\"attachment-large size-large wp-image-372\" alt=\"\" srcset=\"https:\/\/musicsnet.com.br\/wp-content\/uploads\/2023\/08\/audio.png 512w, https:\/\/musicsnet.com.br\/wp-content\/uploads\/2023\/08\/audio-300x300.png 300w, https:\/\/musicsnet.com.br\/wp-content\/uploads\/2023\/08\/audio-150x150.png 150w\" sizes=\"(max-width: 512px) 100vw, 512px\" \/>\t\t\t\t\t\t\t\t\t\t\t\t\t\t\t<\/div>\n\t\t\t\t<\/div>\n\t\t\t\t\t<\/div>\n\t\t<\/div>\n\t\t\t\t<div class=\"elementor-column elementor-col-50 elementor-inner-column elementor-element elementor-element-8abdbcc\" data-id=\"8abdbcc\" data-element_type=\"column\">\n\t\t\t<div class=\"elementor-widget-wrap elementor-element-populated\">\n\t\t\t\t\t\t<div class=\"elementor-element elementor-element-2646639 elementor-invisible elementor-widget elementor-widget-text-editor\" data-id=\"2646639\" data-element_type=\"widget\" data-settings=\"{&quot;_animation&quot;:&quot;fadeIn&quot;}\" data-widget_type=\"text-editor.default\">\n\t\t\t\t<div class=\"elementor-widget-container\">\n\t\t\t\t\t\t\t\t\t<p>Uma editora musical \u00e9 respons\u00e1vel por administrar, desenvolver e impulsionar todo o acervo musical (composi\u00e7\u00f5es) dos seus compositores\/autores. Faremos tamb\u00e9m a coordena\u00e7\u00e3o do processo com a editora anterior, a fim de garantir que haja a libera\u00e7\u00e3o correta do seu uso, assim como o devido pagamento de seus direitos.&nbsp;<\/p>\t\t\t\t\t\t\t\t<\/div>\n\t\t\t\t<\/div>\n\t\t\t\t\t<\/div>\n\t\t<\/div>\n\t\t\t\t\t<\/div>\n\t\t<\/section>\n\t\t\t\t\t<\/div>\n\t\t<\/div>\n\t\t\t\t\t<\/div>\n\t\t<\/section>\n\t\t\t\t<\/div>","protected":false},"excerpt":{"rendered":"<p>Through BI and BA tools we offer consultancy of the best business possibilities in the US and Brazil, bringing potential opportunities to your music catalogue. A music publisher is responsible for managing, developing and boosting the catalogues and compositions of their authors, composers, musicians and producers. We will also coordinate the process between the artist [&hellip;]<\/p>","protected":false},"author":1,"featured_media":0,"parent":0,"menu_order":0,"comment_status":"closed","ping_status":"closed","template":"elementor_header_footer","meta":{"footnotes":""},"class_list":["post-363","page","type-page","status-publish","hentry"],"yoast_head":"<!-- This site is optimized with the Yoast SEO plugin v23.2 - https:\/\/yoast.com\/wordpress\/plugins\/seo\/ -->\n<title>Music Publisher - MusicsNet<\/title>\n<meta name=\"robots\" content=\"index, follow, max-snippet:-1, max-image-preview:large, max-video-preview:-1\" \/>\n<link rel=\"canonical\" href=\"https:\/\/musicsnet.com.br\/pt\/music-publisher\/\" \/>\n<meta property=\"og:locale\" content=\"pt_BR\" \/>\n<meta property=\"og:type\" content=\"article\" \/>\n<meta property=\"og:title\" content=\"Music Publisher - MusicsNet\" \/>\n<meta property=\"og:description\" content=\"Through BI and BA tools we offer consultancy of the best business possibilities in the US and Brazil, bringing potential opportunities to your music catalogue. A music publisher is responsible for managing, developing and boosting the catalogues and compositions of their authors, composers, musicians and producers. We will also coordinate the process between the artist [&hellip;]\" \/>\n<meta property=\"og:url\" content=\"https:\/\/musicsnet.com.br\/pt\/music-publisher\/\" \/>\n<meta property=\"og:site_name\" content=\"MusicsNet\" \/>\n<meta property=\"article:modified_time\" content=\"2023-09-21T12:48:33+00:00\" \/>\n<meta property=\"og:image\" content=\"https:\/\/musicsnet.com.br\/wp-content\/uploads\/2023\/08\/audio.png\" \/>\n<meta name=\"twitter:card\" content=\"summary_large_image\" \/>\n<script type=\"application\/ld+json\" class=\"yoast-schema-graph\">{\"@context\":\"https:\/\/schema.org\",\"@graph\":[{\"@type\":\"WebPage\",\"@id\":\"https:\/\/musicsnet.com.br\/music-publisher\/\",\"url\":\"https:\/\/musicsnet.com.br\/music-publisher\/\",\"name\":\"Music Publisher - MusicsNet\",\"isPartOf\":{\"@id\":\"https:\/\/musicsnet.com.br\/#website\"},\"primaryImageOfPage\":{\"@id\":\"https:\/\/musicsnet.com.br\/music-publisher\/#primaryimage\"},\"image\":{\"@id\":\"https:\/\/musicsnet.com.br\/music-publisher\/#primaryimage\"},\"thumbnailUrl\":\"https:\/\/musicsnet.com.br\/wp-content\/uploads\/2023\/08\/audio.png\",\"datePublished\":\"2023-08-29T19:54:50+00:00\",\"dateModified\":\"2023-09-21T12:48:33+00:00\",\"breadcrumb\":{\"@id\":\"https:\/\/musicsnet.com.br\/music-publisher\/#breadcrumb\"},\"inLanguage\":\"pt-BR\",\"potentialAction\":[{\"@type\":\"ReadAction\",\"target\":[\"https:\/\/musicsnet.com.br\/music-publisher\/\"]}]},{\"@type\":\"ImageObject\",\"inLanguage\":\"pt-BR\",\"@id\":\"https:\/\/musicsnet.com.br\/music-publisher\/#primaryimage\",\"url\":\"https:\/\/musicsnet.com.br\/wp-content\/uploads\/2023\/08\/audio.png\",\"contentUrl\":\"https:\/\/musicsnet.com.br\/wp-content\/uploads\/2023\/08\/audio.png\"},{\"@type\":\"BreadcrumbList\",\"@id\":\"https:\/\/musicsnet.com.br\/music-publisher\/#breadcrumb\",\"itemListElement\":[{\"@type\":\"ListItem\",\"position\":1,\"name\":\"In\u00edcio\",\"item\":\"https:\/\/musicsnet.com.br\/\"},{\"@type\":\"ListItem\",\"position\":2,\"name\":\"Music Publisher\"}]},{\"@type\":\"WebSite\",\"@id\":\"https:\/\/musicsnet.com.br\/#website\",\"url\":\"https:\/\/musicsnet.com.br\/\",\"name\":\"MusicsNet\",\"description\":\"\",\"publisher\":{\"@id\":\"https:\/\/musicsnet.com.br\/#organization\"},\"potentialAction\":[{\"@type\":\"SearchAction\",\"target\":{\"@type\":\"EntryPoint\",\"urlTemplate\":\"https:\/\/musicsnet.com.br\/?s={search_term_string}\"},\"query-input\":\"required name=search_term_string\"}],\"inLanguage\":\"pt-BR\"},{\"@type\":\"Organization\",\"@id\":\"https:\/\/musicsnet.com.br\/#organization\",\"name\":\"MusicsNet\",\"url\":\"https:\/\/musicsnet.com.br\/\",\"logo\":{\"@type\":\"ImageObject\",\"inLanguage\":\"pt-BR\",\"@id\":\"https:\/\/musicsnet.com.br\/#\/schema\/logo\/image\/\",\"url\":\"https:\/\/musicsnet.com.br\/wp-content\/uploads\/2023\/08\/WhatsApp_Image_2024-08-07_at_16.59.14-removebg-preview.webp\",\"contentUrl\":\"https:\/\/musicsnet.com.br\/wp-content\/uploads\/2023\/08\/WhatsApp_Image_2024-08-07_at_16.59.14-removebg-preview.webp\",\"width\":407,\"height\":264,\"caption\":\"MusicsNet\"},\"image\":{\"@id\":\"https:\/\/musicsnet.com.br\/#\/schema\/logo\/image\/\"}}]}<\/script>\n<!-- \/ Yoast SEO plugin. -->","yoast_head_json":{"title":"Music Publisher - MusicsNet","robots":{"index":"index","follow":"follow","max-snippet":"max-snippet:-1","max-image-preview":"max-image-preview:large","max-video-preview":"max-video-preview:-1"},"canonical":"https:\/\/musicsnet.com.br\/pt\/music-publisher\/","og_locale":"pt_BR","og_type":"article","og_title":"Music Publisher - MusicsNet","og_description":"Through BI and BA tools we offer consultancy of the best business possibilities in the US and Brazil, bringing potential opportunities to your music catalogue. A music publisher is responsible for managing, developing and boosting the catalogues and compositions of their authors, composers, musicians and producers. We will also coordinate the process between the artist [&hellip;]","og_url":"https:\/\/musicsnet.com.br\/pt\/music-publisher\/","og_site_name":"MusicsNet","article_modified_time":"2023-09-21T12:48:33+00:00","og_image":[{"url":"https:\/\/musicsnet.com.br\/wp-content\/uploads\/2023\/08\/audio.png"}],"twitter_card":"summary_large_image","schema":{"@context":"https:\/\/schema.org","@graph":[{"@type":"WebPage","@id":"https:\/\/musicsnet.com.br\/music-publisher\/","url":"https:\/\/musicsnet.com.br\/music-publisher\/","name":"Music Publisher - MusicsNet","isPartOf":{"@id":"https:\/\/musicsnet.com.br\/#website"},"primaryImageOfPage":{"@id":"https:\/\/musicsnet.com.br\/music-publisher\/#primaryimage"},"image":{"@id":"https:\/\/musicsnet.com.br\/music-publisher\/#primaryimage"},"thumbnailUrl":"https:\/\/musicsnet.com.br\/wp-content\/uploads\/2023\/08\/audio.png","datePublished":"2023-08-29T19:54:50+00:00","dateModified":"2023-09-21T12:48:33+00:00","breadcrumb":{"@id":"https:\/\/musicsnet.com.br\/music-publisher\/#breadcrumb"},"inLanguage":"pt-BR","potentialAction":[{"@type":"ReadAction","target":["https:\/\/musicsnet.com.br\/music-publisher\/"]}]},{"@type":"ImageObject","inLanguage":"pt-BR","@id":"https:\/\/musicsnet.com.br\/music-publisher\/#primaryimage","url":"https:\/\/musicsnet.com.br\/wp-content\/uploads\/2023\/08\/audio.png","contentUrl":"https:\/\/musicsnet.com.br\/wp-content\/uploads\/2023\/08\/audio.png"},{"@type":"BreadcrumbList","@id":"https:\/\/musicsnet.com.br\/music-publisher\/#breadcrumb","itemListElement":[{"@type":"ListItem","position":1,"name":"In\u00edcio","item":"https:\/\/musicsnet.com.br\/"},{"@type":"ListItem","position":2,"name":"Music Publisher"}]},{"@type":"WebSite","@id":"https:\/\/musicsnet.com.br\/#website","url":"https:\/\/musicsnet.com.br\/","name":"MusicsNet","description":"","publisher":{"@id":"https:\/\/musicsnet.com.br\/#organization"},"potentialAction":[{"@type":"SearchAction","target":{"@type":"EntryPoint","urlTemplate":"https:\/\/musicsnet.com.br\/?s={search_term_string}"},"query-input":"required name=search_term_string"}],"inLanguage":"pt-BR"},{"@type":"Organization","@id":"https:\/\/musicsnet.com.br\/#organization","name":"MusicsNet","url":"https:\/\/musicsnet.com.br\/","logo":{"@type":"ImageObject","inLanguage":"pt-BR","@id":"https:\/\/musicsnet.com.br\/#\/schema\/logo\/image\/","url":"https:\/\/musicsnet.com.br\/wp-content\/uploads\/2023\/08\/WhatsApp_Image_2024-08-07_at_16.59.14-removebg-preview.webp","contentUrl":"https:\/\/musicsnet.com.br\/wp-content\/uploads\/2023\/08\/WhatsApp_Image_2024-08-07_at_16.59.14-removebg-preview.webp","width":407,"height":264,"caption":"MusicsNet"},"image":{"@id":"https:\/\/musicsnet.com.br\/#\/schema\/logo\/image\/"}}]}},"_links":{"self":[{"href":"https:\/\/musicsnet.com.br\/pt\/wp-json\/wp\/v2\/pages\/363","targetHints":{"allow":["GET"]}}],"collection":[{"href":"https:\/\/musicsnet.com.br\/pt\/wp-json\/wp\/v2\/pages"}],"about":[{"href":"https:\/\/musicsnet.com.br\/pt\/wp-json\/wp\/v2\/types\/page"}],"author":[{"embeddable":true,"href":"https:\/\/musicsnet.com.br\/pt\/wp-json\/wp\/v2\/users\/1"}],"replies":[{"embeddable":true,"href":"https:\/\/musicsnet.com.br\/pt\/wp-json\/wp\/v2\/comments?post=363"}],"version-history":[{"count":17,"href":"https:\/\/musicsnet.com.br\/pt\/wp-json\/wp\/v2\/pages\/363\/revisions"}],"predecessor-version":[{"id":626,"href":"https:\/\/musicsnet.com.br\/pt\/wp-json\/wp\/v2\/pages\/363\/revisions\/626"}],"wp:attachment":[{"href":"https:\/\/musicsnet.com.br\/pt\/wp-json\/wp\/v2\/media?parent=363"}],"curies":[{"name":"wp","href":"https:\/\/api.w.org\/{rel}","templated":true}]}}