{"id":376,"date":"2023-08-29T17:24:48","date_gmt":"2023-08-29T20:24:48","guid":{"rendered":"https:\/\/musicsnet.com.br\/?page_id=376"},"modified":"2023-09-21T09:50:07","modified_gmt":"2023-09-21T12:50:07","slug":"brasil-expertise","status":"publish","type":"page","link":"https:\/\/musicsnet.com.br\/pt\/brasil-expertise\/","title":{"rendered":"Brasil Expertise"},"content":{"rendered":"<div data-elementor-type=\"wp-page\" data-elementor-id=\"376\" class=\"elementor elementor-376\" data-elementor-post-type=\"page\">\n\t\t\t\t\t\t<section class=\"elementor-section elementor-top-section elementor-element elementor-element-4a80ea2 elementor-section-boxed elementor-section-height-default elementor-section-height-default\" data-id=\"4a80ea2\" data-element_type=\"section\" data-settings=\"{&quot;background_background&quot;:&quot;classic&quot;}\">\n\t\t\t\t\t\t\t<div class=\"elementor-background-overlay\"><\/div>\n\t\t\t\t\t\t\t<div class=\"elementor-container elementor-column-gap-default\">\n\t\t\t\t\t<div class=\"elementor-column elementor-col-100 elementor-top-column elementor-element elementor-element-ece699c\" data-id=\"ece699c\" data-element_type=\"column\">\n\t\t\t<div class=\"elementor-widget-wrap elementor-element-populated\">\n\t\t\t\t\t\t<div class=\"elementor-element elementor-element-78a9e3f elementor-invisible elementor-widget elementor-widget-heading\" data-id=\"78a9e3f\" data-element_type=\"widget\" data-settings=\"{&quot;_animation&quot;:&quot;fadeIn&quot;,&quot;_animation_delay&quot;:400}\" data-widget_type=\"heading.default\">\n\t\t\t\t<div class=\"elementor-widget-container\">\n\t\t\t\t\t<h2 class=\"elementor-heading-title elementor-size-default\">We seek to develop business in Brazil with your music catalogue, creating opportunities through the market expertise that's been built over the last 30 years.<\/h2>\t\t\t\t<\/div>\n\t\t\t\t<\/div>\n\t\t\t\t<section class=\"elementor-section elementor-inner-section elementor-element elementor-element-3aee245 elementor-section-boxed elementor-section-height-default elementor-section-height-default\" data-id=\"3aee245\" data-element_type=\"section\">\n\t\t\t\t\t\t<div class=\"elementor-container elementor-column-gap-default\">\n\t\t\t\t\t<div class=\"elementor-column elementor-col-50 elementor-inner-column elementor-element elementor-element-b4c235e\" data-id=\"b4c235e\" data-element_type=\"column\">\n\t\t\t<div class=\"elementor-widget-wrap elementor-element-populated\">\n\t\t\t\t\t\t<div class=\"elementor-element elementor-element-4965bb8 elementor-invisible elementor-widget elementor-widget-image\" data-id=\"4965bb8\" data-element_type=\"widget\" data-settings=\"{&quot;_animation&quot;:&quot;fadeInLeft&quot;}\" data-widget_type=\"image.default\">\n\t\t\t\t<div class=\"elementor-widget-container\">\n\t\t\t\t\t\t\t\t\t\t\t\t\t\t\t<img fetchpriority=\"high\" decoding=\"async\" width=\"546\" height=\"557\" src=\"https:\/\/musicsnet.com.br\/wp-content\/uploads\/2023\/08\/MAPA-BRASIL-1-1.png\" class=\"attachment-large size-large wp-image-146\" alt=\"\" srcset=\"https:\/\/musicsnet.com.br\/wp-content\/uploads\/2023\/08\/MAPA-BRASIL-1-1.png 546w, https:\/\/musicsnet.com.br\/wp-content\/uploads\/2023\/08\/MAPA-BRASIL-1-1-294x300.png 294w\" sizes=\"(max-width: 546px) 100vw, 546px\" \/>\t\t\t\t\t\t\t\t\t\t\t\t\t\t\t<\/div>\n\t\t\t\t<\/div>\n\t\t\t\t\t<\/div>\n\t\t<\/div>\n\t\t\t\t<div class=\"elementor-column elementor-col-50 elementor-inner-column elementor-element elementor-element-60ed913\" data-id=\"60ed913\" data-element_type=\"column\">\n\t\t\t<div class=\"elementor-widget-wrap elementor-element-populated\">\n\t\t\t\t\t\t<div class=\"elementor-element elementor-element-43b1dad elementor-invisible elementor-widget elementor-widget-text-editor\" data-id=\"43b1dad\" data-element_type=\"widget\" data-settings=\"{&quot;_animation&quot;:&quot;fadeIn&quot;}\" data-widget_type=\"text-editor.default\">\n\t\t\t\t<div class=\"elementor-widget-container\">\n\t\t\t\t\t\t\t\t\t<p>Com uma popula\u00e7\u00e3o de mais de 200 milh\u00f5es de habitantes, o Brasil tem hoje o 9\u00ba maior mercado fonogr\u00e1fico do mundo, atingindo R$2,5 bilh\u00f5es de faturamento em 2022, e estando em seu 7\u00ba ano consecutivo em crescimento. Um dos mercados mais competitivos e plurais da ind\u00fastria da m\u00fasica.<\/p><p>A Spottlight \u00e9 formada por brasileiros com uma vasta experi\u00eancia no mercado musical, tendo um know-how de cultura e preceitos do pa\u00eds \u00fanicos, sendo de suma import\u00e2ncia para o desenvolvimento preciso do seu cat\u00e1logo musical no pa\u00eds.\u00a0<\/p>\t\t\t\t\t\t\t\t<\/div>\n\t\t\t\t<\/div>\n\t\t\t\t\t<\/div>\n\t\t<\/div>\n\t\t\t\t\t<\/div>\n\t\t<\/section>\n\t\t\t\t\t<\/div>\n\t\t<\/div>\n\t\t\t\t\t<\/div>\n\t\t<\/section>\n\t\t\t\t<\/div>","protected":false},"excerpt":{"rendered":"<p>We seek to develop business in Brazil with your music catalogue, creating opportunities through the market expertise that&#8217;s been built over the last 30 years. With a population of more than 200 million inhabitants, Brazil currently has the 9th largest music market in the world, reaching R$2.5 billion in revenues in 2022, and being in [&hellip;]<\/p>","protected":false},"author":1,"featured_media":0,"parent":0,"menu_order":0,"comment_status":"closed","ping_status":"closed","template":"elementor_header_footer","meta":{"footnotes":""},"class_list":["post-376","page","type-page","status-publish","hentry"],"yoast_head":"<!-- This site is optimized with the Yoast SEO plugin v23.2 - https:\/\/yoast.com\/wordpress\/plugins\/seo\/ -->\n<title>Brasil Expertise - MusicsNet<\/title>\n<meta name=\"robots\" content=\"index, follow, max-snippet:-1, max-image-preview:large, max-video-preview:-1\" \/>\n<link rel=\"canonical\" href=\"https:\/\/musicsnet.com.br\/pt\/brasil-expertise\/\" \/>\n<meta property=\"og:locale\" content=\"pt_BR\" \/>\n<meta property=\"og:type\" content=\"article\" \/>\n<meta property=\"og:title\" content=\"Brasil Expertise - MusicsNet\" \/>\n<meta property=\"og:description\" content=\"We seek to develop business in Brazil with your music catalogue, creating opportunities through the market expertise that&#8217;s been built over the last 30 years. With a population of more than 200 million inhabitants, Brazil currently has the 9th largest music market in the world, reaching R$2.5 billion in revenues in 2022, and being in [&hellip;]\" \/>\n<meta property=\"og:url\" content=\"https:\/\/musicsnet.com.br\/pt\/brasil-expertise\/\" \/>\n<meta property=\"og:site_name\" content=\"MusicsNet\" \/>\n<meta property=\"article:modified_time\" content=\"2023-09-21T12:50:07+00:00\" \/>\n<meta property=\"og:image\" content=\"https:\/\/musicsnet.com.br\/wp-content\/uploads\/2023\/08\/MAPA-BRASIL-1-1.png\" \/>\n<meta name=\"twitter:card\" content=\"summary_large_image\" \/>\n<meta name=\"twitter:label1\" content=\"Est. tempo de leitura\" \/>\n\t<meta name=\"twitter:data1\" content=\"1 minuto\" \/>\n<script type=\"application\/ld+json\" class=\"yoast-schema-graph\">{\"@context\":\"https:\/\/schema.org\",\"@graph\":[{\"@type\":\"WebPage\",\"@id\":\"https:\/\/musicsnet.com.br\/brasil-expertise\/\",\"url\":\"https:\/\/musicsnet.com.br\/brasil-expertise\/\",\"name\":\"Brasil Expertise - MusicsNet\",\"isPartOf\":{\"@id\":\"https:\/\/musicsnet.com.br\/#website\"},\"primaryImageOfPage\":{\"@id\":\"https:\/\/musicsnet.com.br\/brasil-expertise\/#primaryimage\"},\"image\":{\"@id\":\"https:\/\/musicsnet.com.br\/brasil-expertise\/#primaryimage\"},\"thumbnailUrl\":\"https:\/\/musicsnet.com.br\/wp-content\/uploads\/2023\/08\/MAPA-BRASIL-1-1.png\",\"datePublished\":\"2023-08-29T20:24:48+00:00\",\"dateModified\":\"2023-09-21T12:50:07+00:00\",\"breadcrumb\":{\"@id\":\"https:\/\/musicsnet.com.br\/brasil-expertise\/#breadcrumb\"},\"inLanguage\":\"pt-BR\",\"potentialAction\":[{\"@type\":\"ReadAction\",\"target\":[\"https:\/\/musicsnet.com.br\/brasil-expertise\/\"]}]},{\"@type\":\"ImageObject\",\"inLanguage\":\"pt-BR\",\"@id\":\"https:\/\/musicsnet.com.br\/brasil-expertise\/#primaryimage\",\"url\":\"https:\/\/musicsnet.com.br\/wp-content\/uploads\/2023\/08\/MAPA-BRASIL-1-1.png\",\"contentUrl\":\"https:\/\/musicsnet.com.br\/wp-content\/uploads\/2023\/08\/MAPA-BRASIL-1-1.png\"},{\"@type\":\"BreadcrumbList\",\"@id\":\"https:\/\/musicsnet.com.br\/brasil-expertise\/#breadcrumb\",\"itemListElement\":[{\"@type\":\"ListItem\",\"position\":1,\"name\":\"In\u00edcio\",\"item\":\"https:\/\/musicsnet.com.br\/\"},{\"@type\":\"ListItem\",\"position\":2,\"name\":\"Brasil Expertise\"}]},{\"@type\":\"WebSite\",\"@id\":\"https:\/\/musicsnet.com.br\/#website\",\"url\":\"https:\/\/musicsnet.com.br\/\",\"name\":\"MusicsNet\",\"description\":\"\",\"publisher\":{\"@id\":\"https:\/\/musicsnet.com.br\/#organization\"},\"potentialAction\":[{\"@type\":\"SearchAction\",\"target\":{\"@type\":\"EntryPoint\",\"urlTemplate\":\"https:\/\/musicsnet.com.br\/?s={search_term_string}\"},\"query-input\":\"required name=search_term_string\"}],\"inLanguage\":\"pt-BR\"},{\"@type\":\"Organization\",\"@id\":\"https:\/\/musicsnet.com.br\/#organization\",\"name\":\"MusicsNet\",\"url\":\"https:\/\/musicsnet.com.br\/\",\"logo\":{\"@type\":\"ImageObject\",\"inLanguage\":\"pt-BR\",\"@id\":\"https:\/\/musicsnet.com.br\/#\/schema\/logo\/image\/\",\"url\":\"https:\/\/musicsnet.com.br\/wp-content\/uploads\/2023\/08\/WhatsApp_Image_2024-08-07_at_16.59.14-removebg-preview.webp\",\"contentUrl\":\"https:\/\/musicsnet.com.br\/wp-content\/uploads\/2023\/08\/WhatsApp_Image_2024-08-07_at_16.59.14-removebg-preview.webp\",\"width\":407,\"height\":264,\"caption\":\"MusicsNet\"},\"image\":{\"@id\":\"https:\/\/musicsnet.com.br\/#\/schema\/logo\/image\/\"}}]}<\/script>\n<!-- \/ Yoast SEO plugin. -->","yoast_head_json":{"title":"Brasil Expertise - MusicsNet","robots":{"index":"index","follow":"follow","max-snippet":"max-snippet:-1","max-image-preview":"max-image-preview:large","max-video-preview":"max-video-preview:-1"},"canonical":"https:\/\/musicsnet.com.br\/pt\/brasil-expertise\/","og_locale":"pt_BR","og_type":"article","og_title":"Brasil Expertise - MusicsNet","og_description":"We seek to develop business in Brazil with your music catalogue, creating opportunities through the market expertise that&#8217;s been built over the last 30 years. With a population of more than 200 million inhabitants, Brazil currently has the 9th largest music market in the world, reaching R$2.5 billion in revenues in 2022, and being in [&hellip;]","og_url":"https:\/\/musicsnet.com.br\/pt\/brasil-expertise\/","og_site_name":"MusicsNet","article_modified_time":"2023-09-21T12:50:07+00:00","og_image":[{"url":"https:\/\/musicsnet.com.br\/wp-content\/uploads\/2023\/08\/MAPA-BRASIL-1-1.png"}],"twitter_card":"summary_large_image","twitter_misc":{"Est. tempo de leitura":"1 minuto"},"schema":{"@context":"https:\/\/schema.org","@graph":[{"@type":"WebPage","@id":"https:\/\/musicsnet.com.br\/brasil-expertise\/","url":"https:\/\/musicsnet.com.br\/brasil-expertise\/","name":"Brasil Expertise - MusicsNet","isPartOf":{"@id":"https:\/\/musicsnet.com.br\/#website"},"primaryImageOfPage":{"@id":"https:\/\/musicsnet.com.br\/brasil-expertise\/#primaryimage"},"image":{"@id":"https:\/\/musicsnet.com.br\/brasil-expertise\/#primaryimage"},"thumbnailUrl":"https:\/\/musicsnet.com.br\/wp-content\/uploads\/2023\/08\/MAPA-BRASIL-1-1.png","datePublished":"2023-08-29T20:24:48+00:00","dateModified":"2023-09-21T12:50:07+00:00","breadcrumb":{"@id":"https:\/\/musicsnet.com.br\/brasil-expertise\/#breadcrumb"},"inLanguage":"pt-BR","potentialAction":[{"@type":"ReadAction","target":["https:\/\/musicsnet.com.br\/brasil-expertise\/"]}]},{"@type":"ImageObject","inLanguage":"pt-BR","@id":"https:\/\/musicsnet.com.br\/brasil-expertise\/#primaryimage","url":"https:\/\/musicsnet.com.br\/wp-content\/uploads\/2023\/08\/MAPA-BRASIL-1-1.png","contentUrl":"https:\/\/musicsnet.com.br\/wp-content\/uploads\/2023\/08\/MAPA-BRASIL-1-1.png"},{"@type":"BreadcrumbList","@id":"https:\/\/musicsnet.com.br\/brasil-expertise\/#breadcrumb","itemListElement":[{"@type":"ListItem","position":1,"name":"In\u00edcio","item":"https:\/\/musicsnet.com.br\/"},{"@type":"ListItem","position":2,"name":"Brasil Expertise"}]},{"@type":"WebSite","@id":"https:\/\/musicsnet.com.br\/#website","url":"https:\/\/musicsnet.com.br\/","name":"MusicsNet","description":"","publisher":{"@id":"https:\/\/musicsnet.com.br\/#organization"},"potentialAction":[{"@type":"SearchAction","target":{"@type":"EntryPoint","urlTemplate":"https:\/\/musicsnet.com.br\/?s={search_term_string}"},"query-input":"required name=search_term_string"}],"inLanguage":"pt-BR"},{"@type":"Organization","@id":"https:\/\/musicsnet.com.br\/#organization","name":"MusicsNet","url":"https:\/\/musicsnet.com.br\/","logo":{"@type":"ImageObject","inLanguage":"pt-BR","@id":"https:\/\/musicsnet.com.br\/#\/schema\/logo\/image\/","url":"https:\/\/musicsnet.com.br\/wp-content\/uploads\/2023\/08\/WhatsApp_Image_2024-08-07_at_16.59.14-removebg-preview.webp","contentUrl":"https:\/\/musicsnet.com.br\/wp-content\/uploads\/2023\/08\/WhatsApp_Image_2024-08-07_at_16.59.14-removebg-preview.webp","width":407,"height":264,"caption":"MusicsNet"},"image":{"@id":"https:\/\/musicsnet.com.br\/#\/schema\/logo\/image\/"}}]}},"_links":{"self":[{"href":"https:\/\/musicsnet.com.br\/pt\/wp-json\/wp\/v2\/pages\/376","targetHints":{"allow":["GET"]}}],"collection":[{"href":"https:\/\/musicsnet.com.br\/pt\/wp-json\/wp\/v2\/pages"}],"about":[{"href":"https:\/\/musicsnet.com.br\/pt\/wp-json\/wp\/v2\/types\/page"}],"author":[{"embeddable":true,"href":"https:\/\/musicsnet.com.br\/pt\/wp-json\/wp\/v2\/users\/1"}],"replies":[{"embeddable":true,"href":"https:\/\/musicsnet.com.br\/pt\/wp-json\/wp\/v2\/comments?post=376"}],"version-history":[{"count":13,"href":"https:\/\/musicsnet.com.br\/pt\/wp-json\/wp\/v2\/pages\/376\/revisions"}],"predecessor-version":[{"id":632,"href":"https:\/\/musicsnet.com.br\/pt\/wp-json\/wp\/v2\/pages\/376\/revisions\/632"}],"wp:attachment":[{"href":"https:\/\/musicsnet.com.br\/pt\/wp-json\/wp\/v2\/media?parent=376"}],"curies":[{"name":"wp","href":"https:\/\/api.w.org\/{rel}","templated":true}]}}