{"id":385,"date":"2023-08-29T17:28:06","date_gmt":"2023-08-29T20:28:06","guid":{"rendered":"https:\/\/musicsnet.com.br\/?page_id=385"},"modified":"2023-09-21T09:51:04","modified_gmt":"2023-09-21T12:51:04","slug":"north-america-promo","status":"publish","type":"page","link":"https:\/\/musicsnet.com.br\/pt\/north-america-promo\/","title":{"rendered":"North America Promo"},"content":{"rendered":"<div data-elementor-type=\"wp-page\" data-elementor-id=\"385\" class=\"elementor elementor-385\" data-elementor-post-type=\"page\">\n\t\t\t\t\t\t<section class=\"elementor-section elementor-top-section elementor-element elementor-element-3b0e657 elementor-section-boxed elementor-section-height-default elementor-section-height-default\" data-id=\"3b0e657\" data-element_type=\"section\" data-settings=\"{&quot;background_background&quot;:&quot;classic&quot;}\">\n\t\t\t\t\t\t\t<div class=\"elementor-background-overlay\"><\/div>\n\t\t\t\t\t\t\t<div class=\"elementor-container elementor-column-gap-default\">\n\t\t\t\t\t<div class=\"elementor-column elementor-col-100 elementor-top-column elementor-element elementor-element-bc46d18\" data-id=\"bc46d18\" data-element_type=\"column\">\n\t\t\t<div class=\"elementor-widget-wrap elementor-element-populated\">\n\t\t\t\t\t\t<div class=\"elementor-element elementor-element-19efd4b elementor-invisible elementor-widget elementor-widget-heading\" data-id=\"19efd4b\" data-element_type=\"widget\" data-settings=\"{&quot;_animation&quot;:&quot;fadeIn&quot;,&quot;_animation_delay&quot;:400}\" data-widget_type=\"heading.default\">\n\t\t\t\t<div class=\"elementor-widget-container\">\n\t\t\t\t\t<h2 class=\"elementor-heading-title elementor-size-default\">Oferecemos aos artistas a oportunidade de promover seu acervo musical na comunidade brasileira em territ\u00f3rio americano.<\/h2>\t\t\t\t<\/div>\n\t\t\t\t<\/div>\n\t\t\t\t<section class=\"elementor-section elementor-inner-section elementor-element elementor-element-7e5a353 elementor-reverse-mobile elementor-section-boxed elementor-section-height-default elementor-section-height-default\" data-id=\"7e5a353\" data-element_type=\"section\">\n\t\t\t\t\t\t<div class=\"elementor-container elementor-column-gap-default\">\n\t\t\t\t\t<div class=\"elementor-column elementor-col-50 elementor-inner-column elementor-element elementor-element-667cc79\" data-id=\"667cc79\" data-element_type=\"column\">\n\t\t\t<div class=\"elementor-widget-wrap elementor-element-populated\">\n\t\t\t\t\t\t<div class=\"elementor-element elementor-element-b9844ac elementor-invisible elementor-widget elementor-widget-text-editor\" data-id=\"b9844ac\" data-element_type=\"widget\" data-settings=\"{&quot;_animation&quot;:&quot;fadeIn&quot;}\" data-widget_type=\"text-editor.default\">\n\t\t\t\t<div class=\"elementor-widget-container\">\n\t\t\t\t\t\t\t\t\t<p>Segundo o Itamaraty, estima-se que cerca de 1.4 milh\u00e3o de brasileiros vivem nos Estados Unidos. Esse p\u00fablico consome ativamente artistas e m\u00fasicas do Brasil e busca se conectar com a sua cultura e refor\u00e7ar la\u00e7os com seus conterr\u00e2neos atrav\u00e9s de momentos de divers\u00e3o e lazer.<\/p><p>Based in the US, Spottlight strengthens this link between artists and their potential foreign audiences and becomes a music business development agent within the North American market promoting music releases, careers and shows for these Brazilian and American communities.<\/p>\t\t\t\t\t\t\t\t<\/div>\n\t\t\t\t<\/div>\n\t\t\t\t\t<\/div>\n\t\t<\/div>\n\t\t\t\t<div class=\"elementor-column elementor-col-50 elementor-inner-column elementor-element elementor-element-1730f2e\" data-id=\"1730f2e\" data-element_type=\"column\">\n\t\t\t<div class=\"elementor-widget-wrap elementor-element-populated\">\n\t\t\t\t\t\t<div class=\"elementor-element elementor-element-bf2b4ba elementor-invisible elementor-widget elementor-widget-image\" data-id=\"bf2b4ba\" data-element_type=\"widget\" data-settings=\"{&quot;_animation&quot;:&quot;fadeInLeft&quot;}\" data-widget_type=\"image.default\">\n\t\t\t\t<div class=\"elementor-widget-container\">\n\t\t\t\t\t\t\t\t\t\t\t\t\t\t\t<img fetchpriority=\"high\" decoding=\"async\" width=\"1024\" height=\"722\" src=\"https:\/\/musicsnet.com.br\/wp-content\/uploads\/2023\/08\/MAPA-USA@2x-1-1024x722.png\" class=\"attachment-large size-large wp-image-147\" alt=\"\" srcset=\"https:\/\/musicsnet.com.br\/wp-content\/uploads\/2023\/08\/MAPA-USA@2x-1-1024x722.png 1024w, https:\/\/musicsnet.com.br\/wp-content\/uploads\/2023\/08\/MAPA-USA@2x-1-300x212.png 300w, https:\/\/musicsnet.com.br\/wp-content\/uploads\/2023\/08\/MAPA-USA@2x-1-768x542.png 768w, https:\/\/musicsnet.com.br\/wp-content\/uploads\/2023\/08\/MAPA-USA@2x-1.png 1158w\" sizes=\"(max-width: 1024px) 100vw, 1024px\" \/>\t\t\t\t\t\t\t\t\t\t\t\t\t\t\t<\/div>\n\t\t\t\t<\/div>\n\t\t\t\t\t<\/div>\n\t\t<\/div>\n\t\t\t\t\t<\/div>\n\t\t<\/section>\n\t\t\t\t\t<\/div>\n\t\t<\/div>\n\t\t\t\t\t<\/div>\n\t\t<\/section>\n\t\t\t\t<\/div>","protected":false},"excerpt":{"rendered":"<p>We offer artists the opportunity to promote their music catalogue in the Brazilian community in the US. According to the Ministry of Foreign Affairs of Brazil, it&#8217;s estimated that there are 1.4 million Brazilians living in the United States. This audience actively consumes artists and music from their homeland and seeks to connect with its [&hellip;]<\/p>","protected":false},"author":1,"featured_media":0,"parent":0,"menu_order":0,"comment_status":"closed","ping_status":"closed","template":"elementor_header_footer","meta":{"footnotes":""},"class_list":["post-385","page","type-page","status-publish","hentry"],"yoast_head":"<!-- This site is optimized with the Yoast SEO plugin v23.2 - https:\/\/yoast.com\/wordpress\/plugins\/seo\/ -->\n<title>North America Promo - MusicsNet<\/title>\n<meta name=\"robots\" content=\"index, follow, max-snippet:-1, max-image-preview:large, max-video-preview:-1\" \/>\n<link rel=\"canonical\" href=\"https:\/\/musicsnet.com.br\/pt\/north-america-promo\/\" \/>\n<meta property=\"og:locale\" content=\"pt_BR\" \/>\n<meta property=\"og:type\" content=\"article\" \/>\n<meta property=\"og:title\" content=\"North America Promo - MusicsNet\" \/>\n<meta property=\"og:description\" content=\"We offer artists the opportunity to promote their music catalogue in the Brazilian community in the US. According to the Ministry of Foreign Affairs of Brazil, it&#8217;s estimated that there are 1.4 million Brazilians living in the United States. This audience actively consumes artists and music from their homeland and seeks to connect with its [&hellip;]\" \/>\n<meta property=\"og:url\" content=\"https:\/\/musicsnet.com.br\/pt\/north-america-promo\/\" \/>\n<meta property=\"og:site_name\" content=\"MusicsNet\" \/>\n<meta property=\"article:modified_time\" content=\"2023-09-21T12:51:04+00:00\" \/>\n<meta property=\"og:image\" content=\"https:\/\/musicsnet.com.br\/wp-content\/uploads\/2023\/08\/MAPA-USA@2x-1-1024x722.png\" \/>\n<meta name=\"twitter:card\" content=\"summary_large_image\" \/>\n<meta name=\"twitter:label1\" content=\"Est. tempo de leitura\" \/>\n\t<meta name=\"twitter:data1\" content=\"1 minuto\" \/>\n<script type=\"application\/ld+json\" class=\"yoast-schema-graph\">{\"@context\":\"https:\/\/schema.org\",\"@graph\":[{\"@type\":\"WebPage\",\"@id\":\"https:\/\/musicsnet.com.br\/north-america-promo\/\",\"url\":\"https:\/\/musicsnet.com.br\/north-america-promo\/\",\"name\":\"North America Promo - MusicsNet\",\"isPartOf\":{\"@id\":\"https:\/\/musicsnet.com.br\/#website\"},\"primaryImageOfPage\":{\"@id\":\"https:\/\/musicsnet.com.br\/north-america-promo\/#primaryimage\"},\"image\":{\"@id\":\"https:\/\/musicsnet.com.br\/north-america-promo\/#primaryimage\"},\"thumbnailUrl\":\"https:\/\/musicsnet.com.br\/wp-content\/uploads\/2023\/08\/MAPA-USA@2x-1-1024x722.png\",\"datePublished\":\"2023-08-29T20:28:06+00:00\",\"dateModified\":\"2023-09-21T12:51:04+00:00\",\"breadcrumb\":{\"@id\":\"https:\/\/musicsnet.com.br\/north-america-promo\/#breadcrumb\"},\"inLanguage\":\"pt-BR\",\"potentialAction\":[{\"@type\":\"ReadAction\",\"target\":[\"https:\/\/musicsnet.com.br\/north-america-promo\/\"]}]},{\"@type\":\"ImageObject\",\"inLanguage\":\"pt-BR\",\"@id\":\"https:\/\/musicsnet.com.br\/north-america-promo\/#primaryimage\",\"url\":\"https:\/\/musicsnet.com.br\/wp-content\/uploads\/2023\/08\/MAPA-USA@2x-1-1024x722.png\",\"contentUrl\":\"https:\/\/musicsnet.com.br\/wp-content\/uploads\/2023\/08\/MAPA-USA@2x-1-1024x722.png\"},{\"@type\":\"BreadcrumbList\",\"@id\":\"https:\/\/musicsnet.com.br\/north-america-promo\/#breadcrumb\",\"itemListElement\":[{\"@type\":\"ListItem\",\"position\":1,\"name\":\"In\u00edcio\",\"item\":\"https:\/\/musicsnet.com.br\/\"},{\"@type\":\"ListItem\",\"position\":2,\"name\":\"North America Promo\"}]},{\"@type\":\"WebSite\",\"@id\":\"https:\/\/musicsnet.com.br\/#website\",\"url\":\"https:\/\/musicsnet.com.br\/\",\"name\":\"MusicsNet\",\"description\":\"\",\"publisher\":{\"@id\":\"https:\/\/musicsnet.com.br\/#organization\"},\"potentialAction\":[{\"@type\":\"SearchAction\",\"target\":{\"@type\":\"EntryPoint\",\"urlTemplate\":\"https:\/\/musicsnet.com.br\/?s={search_term_string}\"},\"query-input\":\"required name=search_term_string\"}],\"inLanguage\":\"pt-BR\"},{\"@type\":\"Organization\",\"@id\":\"https:\/\/musicsnet.com.br\/#organization\",\"name\":\"MusicsNet\",\"url\":\"https:\/\/musicsnet.com.br\/\",\"logo\":{\"@type\":\"ImageObject\",\"inLanguage\":\"pt-BR\",\"@id\":\"https:\/\/musicsnet.com.br\/#\/schema\/logo\/image\/\",\"url\":\"https:\/\/musicsnet.com.br\/wp-content\/uploads\/2023\/08\/WhatsApp_Image_2024-08-07_at_16.59.14-removebg-preview.webp\",\"contentUrl\":\"https:\/\/musicsnet.com.br\/wp-content\/uploads\/2023\/08\/WhatsApp_Image_2024-08-07_at_16.59.14-removebg-preview.webp\",\"width\":407,\"height\":264,\"caption\":\"MusicsNet\"},\"image\":{\"@id\":\"https:\/\/musicsnet.com.br\/#\/schema\/logo\/image\/\"}}]}<\/script>\n<!-- \/ Yoast SEO plugin. -->","yoast_head_json":{"title":"North America Promo - MusicsNet","robots":{"index":"index","follow":"follow","max-snippet":"max-snippet:-1","max-image-preview":"max-image-preview:large","max-video-preview":"max-video-preview:-1"},"canonical":"https:\/\/musicsnet.com.br\/pt\/north-america-promo\/","og_locale":"pt_BR","og_type":"article","og_title":"North America Promo - MusicsNet","og_description":"We offer artists the opportunity to promote their music catalogue in the Brazilian community in the US. According to the Ministry of Foreign Affairs of Brazil, it&#8217;s estimated that there are 1.4 million Brazilians living in the United States. This audience actively consumes artists and music from their homeland and seeks to connect with its [&hellip;]","og_url":"https:\/\/musicsnet.com.br\/pt\/north-america-promo\/","og_site_name":"MusicsNet","article_modified_time":"2023-09-21T12:51:04+00:00","og_image":[{"url":"https:\/\/musicsnet.com.br\/wp-content\/uploads\/2023\/08\/MAPA-USA@2x-1-1024x722.png"}],"twitter_card":"summary_large_image","twitter_misc":{"Est. tempo de leitura":"1 minuto"},"schema":{"@context":"https:\/\/schema.org","@graph":[{"@type":"WebPage","@id":"https:\/\/musicsnet.com.br\/north-america-promo\/","url":"https:\/\/musicsnet.com.br\/north-america-promo\/","name":"North America Promo - MusicsNet","isPartOf":{"@id":"https:\/\/musicsnet.com.br\/#website"},"primaryImageOfPage":{"@id":"https:\/\/musicsnet.com.br\/north-america-promo\/#primaryimage"},"image":{"@id":"https:\/\/musicsnet.com.br\/north-america-promo\/#primaryimage"},"thumbnailUrl":"https:\/\/musicsnet.com.br\/wp-content\/uploads\/2023\/08\/MAPA-USA@2x-1-1024x722.png","datePublished":"2023-08-29T20:28:06+00:00","dateModified":"2023-09-21T12:51:04+00:00","breadcrumb":{"@id":"https:\/\/musicsnet.com.br\/north-america-promo\/#breadcrumb"},"inLanguage":"pt-BR","potentialAction":[{"@type":"ReadAction","target":["https:\/\/musicsnet.com.br\/north-america-promo\/"]}]},{"@type":"ImageObject","inLanguage":"pt-BR","@id":"https:\/\/musicsnet.com.br\/north-america-promo\/#primaryimage","url":"https:\/\/musicsnet.com.br\/wp-content\/uploads\/2023\/08\/MAPA-USA@2x-1-1024x722.png","contentUrl":"https:\/\/musicsnet.com.br\/wp-content\/uploads\/2023\/08\/MAPA-USA@2x-1-1024x722.png"},{"@type":"BreadcrumbList","@id":"https:\/\/musicsnet.com.br\/north-america-promo\/#breadcrumb","itemListElement":[{"@type":"ListItem","position":1,"name":"In\u00edcio","item":"https:\/\/musicsnet.com.br\/"},{"@type":"ListItem","position":2,"name":"North America Promo"}]},{"@type":"WebSite","@id":"https:\/\/musicsnet.com.br\/#website","url":"https:\/\/musicsnet.com.br\/","name":"MusicsNet","description":"","publisher":{"@id":"https:\/\/musicsnet.com.br\/#organization"},"potentialAction":[{"@type":"SearchAction","target":{"@type":"EntryPoint","urlTemplate":"https:\/\/musicsnet.com.br\/?s={search_term_string}"},"query-input":"required name=search_term_string"}],"inLanguage":"pt-BR"},{"@type":"Organization","@id":"https:\/\/musicsnet.com.br\/#organization","name":"MusicsNet","url":"https:\/\/musicsnet.com.br\/","logo":{"@type":"ImageObject","inLanguage":"pt-BR","@id":"https:\/\/musicsnet.com.br\/#\/schema\/logo\/image\/","url":"https:\/\/musicsnet.com.br\/wp-content\/uploads\/2023\/08\/WhatsApp_Image_2024-08-07_at_16.59.14-removebg-preview.webp","contentUrl":"https:\/\/musicsnet.com.br\/wp-content\/uploads\/2023\/08\/WhatsApp_Image_2024-08-07_at_16.59.14-removebg-preview.webp","width":407,"height":264,"caption":"MusicsNet"},"image":{"@id":"https:\/\/musicsnet.com.br\/#\/schema\/logo\/image\/"}}]}},"_links":{"self":[{"href":"https:\/\/musicsnet.com.br\/pt\/wp-json\/wp\/v2\/pages\/385","targetHints":{"allow":["GET"]}}],"collection":[{"href":"https:\/\/musicsnet.com.br\/pt\/wp-json\/wp\/v2\/pages"}],"about":[{"href":"https:\/\/musicsnet.com.br\/pt\/wp-json\/wp\/v2\/types\/page"}],"author":[{"embeddable":true,"href":"https:\/\/musicsnet.com.br\/pt\/wp-json\/wp\/v2\/users\/1"}],"replies":[{"embeddable":true,"href":"https:\/\/musicsnet.com.br\/pt\/wp-json\/wp\/v2\/comments?post=385"}],"version-history":[{"count":14,"href":"https:\/\/musicsnet.com.br\/pt\/wp-json\/wp\/v2\/pages\/385\/revisions"}],"predecessor-version":[{"id":635,"href":"https:\/\/musicsnet.com.br\/pt\/wp-json\/wp\/v2\/pages\/385\/revisions\/635"}],"wp:attachment":[{"href":"https:\/\/musicsnet.com.br\/pt\/wp-json\/wp\/v2\/media?parent=385"}],"curies":[{"name":"wp","href":"https:\/\/api.w.org\/{rel}","templated":true}]}}